{"id":3263,"date":"2015-07-11T22:16:29","date_gmt":"2015-07-11T20:16:29","guid":{"rendered":"https:\/\/leo-dienstleistungen.com\/de\/?page_id=3263"},"modified":"2024-07-11T08:56:29","modified_gmt":"2024-07-11T06:56:29","slug":"unternehmen","status":"publish","type":"page","link":"https:\/\/leo-dienstleistungen.com\/de\/unternehmen\/","title":{"rendered":"Unternehmen"},"content":{"rendered":"<section class=\"wpb-content-wrapper\">[vc_row][vc_column][vc_custom_heading text=&#8221;Wir sind seit 2006 erfolgreich im Markt des Geb\u00e4udemanagements t\u00e4tig.&#8221; font_container=&#8221;tag:h3|text_align:center&#8221; use_theme_fonts=&#8221;yes&#8221;][vc_empty_space][vc_column_text]\n<p style=\"text-align: center;\">Wir \u00fcbernehmen Dienstleistungen wie Vegetationsarbeiten, Unterhaltsreinigungen, Winterdienste, Hausmeisterdienste sowie Sonderreinigungen aller Art.<br \/>\nWir sind ein meistergef\u00fchrter mittelst\u00e4ndischer Handwerksbetrieb, welcher die Qualit\u00e4t und die Beziehung zu seinen Kunden an oberste Stelle setzt.<\/p>\n[\/vc_column_text][\/vc_column][\/vc_row][vc_row][vc_column][vc_row_inner equal_height=&#8221;yes&#8221; content_placement=&#8221;middle&#8221; gap=&#8221;35&#8243;][vc_column_inner][vc_custom_heading text=&#8221;Wir sind ISO 9001\/14001 zertifiziert&#8221; font_container=&#8221;tag:h3|text_align:center&#8221; use_theme_fonts=&#8221;yes&#8221; css_animation=&#8221;fadeIn&#8221; css=&#8221;.vc_custom_1683279263966{margin-bottom: 20px !important;}&#8221;][vc_column_text css_animation=&#8221;fadeIn&#8221;]\n<p style=\"text-align: center;\">Einhaltung der Bedingungen des Qualit\u00e4tssystems mit der Philosophie der kontinuierlichen Verbesserung und in \u00dcbereinstimmung mit den Bed\u00fcrfnissen des Fertigbausektors, in dem wir t\u00e4tig sind;<\/p>\n[\/vc_column_text][\/vc_column_inner][\/vc_row_inner][\/vc_column][\/vc_row][vc_row disable_element=&#8221;yes&#8221;][vc_column][vc_row_inner equal_height=&#8221;yes&#8221; content_placement=&#8221;middle&#8221; gap=&#8221;35&#8243;][vc_column_inner width=&#8221;1\/4&#8243;][vc_single_image image=&#8221;12775&#8243; img_size=&#8221;300&#8243;][\/vc_column_inner][vc_column_inner width=&#8221;1\/4&#8243;][vc_single_image image=&#8221;12775&#8243; img_size=&#8221;300&#8243;][\/vc_column_inner][vc_column_inner width=&#8221;1\/4&#8243;][vc_single_image image=&#8221;12775&#8243; img_size=&#8221;300&#8243;][\/vc_column_inner][vc_column_inner width=&#8221;1\/4&#8243;][vc_single_image image=&#8221;12775&#8243; img_size=&#8221;300&#8243;][\/vc_column_inner][\/vc_row_inner][\/vc_column][\/vc_row][vc_row full_width=&#8221;stretch_row&#8221; bg_overlay=&#8221;dark50&#8243; bg_type=&#8221;image&#8221; parallax_style=&#8221;vcpb-default&#8221; bg_image_new=&#8221;id^13732|url^https:\/\/leo-dienstleistungen.com\/de\/wp-content\/uploads\/2022\/12\/selective-focus-of-pretty-cleaner-wiping-desk-whil-2022-11-02-03-41-59-utc-scaled.jpg|caption^Bueroreinigung|alt^null|title^selective focus of pretty cleaner wiping desk while colleagues cleaning floor in office|description^null&#8221; bg_image_repeat=&#8221;no-repeat&#8221; bg_img_attach=&#8221;fixed&#8221; enable_overlay=&#8221;enable_overlay_value&#8221; overlay_color=&#8221;#000000&#8243; overlay_pattern=&#8221;01.png&#8221; overlay_pattern_opacity=&#8221;0&#8243; css=&#8221;.vc_custom_1676303890627{background-position: center !important;background-repeat: no-repeat !important;background-size: cover !important;}&#8221;][vc_column][vc_empty_space height=&#8221;50px&#8221;][vc_row_inner][vc_column_inner width=&#8221;1\/6&#8243;][\/vc_column_inner][vc_column_inner width=&#8221;2\/3&#8243;][vc_custom_heading text=&#8221;Seit \u00fcber 17 Jahren sind wir als professioneller Geb\u00e4udedienstleister erfolgreich t\u00e4tig. Mit unserer langj\u00e4hrigen Erfahrung und unserem Engagement f\u00fcr Kundenzufriedenheit betreuen wir eine Vielzahl von Branchen.&#8221; font_container=&#8221;tag:h5|font_size:20px|text_align:center|color:%23ffffff|line_height:32px&#8221; use_theme_fonts=&#8221;yes&#8221; css=&#8221;.vc_custom_1683721328534{margin-bottom: 20px !important;}&#8221; el_class=&#8221;font-weight-500&#8243;][\/vc_column_inner][vc_column_inner width=&#8221;1\/6&#8243;][\/vc_column_inner][\/vc_row_inner][vc_empty_space height=&#8221;80px&#8221;][\/vc_column][\/vc_row][vc_row gap=&#8221;30&#8243; equal_height=&#8221;yes&#8221; css=&#8221;.vc_custom_1683277241686{margin-top: -70px !important;}&#8221;][vc_column enable_shadow=&#8221;true&#8221; css=&#8221;.vc_custom_1557305391168{border-bottom-width: 3px !important;padding-top: 60px !important;padding-right: 50px !important;padding-bottom: 40px !important;padding-left: 50px !important;background-color: #ffffff !important;border-bottom-color: #36ab9c !important;border-bottom-style: solid !important;}&#8221;]<div id='ins-icon-69e4a5b523559' class='ins-icon-wrapper last-paragraph-no-margin margin-20px-bottom   text-center   ins-animated zoomIn' data-animation-delay=200><div class='ins-icon-box-icon margin-20px-bottom ins-top-icon-basic select'><i class=''><\/i><\/div><div class='ins-icon-box-content'><div class='ins-icon-box-title title-font margin-15px-bottom sm-margin-5px-bottom text-large font-weight-700 no-letter-spacing'>Gerne sind wir Ihr Ansprechpartner!<\/div><p class='ins-icon-box-text  default'>Sie haben Fragen, Anregungen oder W\u00fcnsche bez\u00fcglich unserer Dienstleistungen oder unserem Unternehmen? Wir stehen Ihnen jederzeit zur Verf\u00fcgung und freuen uns auf Ihre Kontaktaufnahme!<\/p><div class='ins-icon-box-btn-wrap margin-25px-top'><a class='ins-image-box-btn title-font pc' href='https:\/\/leo-dienstleistungen.com\/de\/kontakt\/'>KONTAKTIEREN SIE UNS<\/a><\/div><\/div><\/div><script type=\"text\/javascript\">\n\t\t(function(jQuery) {jQuery(\"head\").append(\"<style>#ins-icon-69e4a5b523559 .ins-icon-box-icon i, #ins-icon-69e4a5b523559 .ins-float-icon-inner i, #ins-icon-69e4a5b523559 .ins-float-right-icon-inner i {color: #70bc3a;}#ins-icon-69e4a5b523559 .ins-icon-box-title, #ins-icon-69e4a5b523559 .ins-float-icon-box-title {color: #223645;}<\/style>\")\n\t\t\t\t\t})(jQuery);\n\t\t\t\t\t\t<\/script>[\/vc_column][\/vc_row]\n<\/section>","protected":false},"excerpt":{"rendered":"<p>[vc_row][vc_column][vc_custom_heading text=&#8221;Wir sind seit 2006 erfolgreich im Markt des Geb\u00e4udemanagements t\u00e4tig.&#8221; font_container=&#8221;tag:h3|text_align:center&#8221; use_theme_fonts=&#8221;yes&#8221;][vc_empty_space][vc_column_text] Wir \u00fcbernehmen Dienstleistungen wie Vegetationsarbeiten, Unterhaltsreinigungen, Winterdienste, [&hellip;]<\/p>\n","protected":false},"author":2,"featured_media":0,"parent":0,"menu_order":0,"comment_status":"closed","ping_status":"closed","template":"","meta":{"footnotes":""},"class_list":["post-3263","page","type-page","status-publish","hentry"],"_links":{"self":[{"href":"https:\/\/leo-dienstleistungen.com\/de\/wp-json\/wp\/v2\/pages\/3263","targetHints":{"allow":["GET"]}}],"collection":[{"href":"https:\/\/leo-dienstleistungen.com\/de\/wp-json\/wp\/v2\/pages"}],"about":[{"href":"https:\/\/leo-dienstleistungen.com\/de\/wp-json\/wp\/v2\/types\/page"}],"author":[{"embeddable":true,"href":"https:\/\/leo-dienstleistungen.com\/de\/wp-json\/wp\/v2\/users\/2"}],"replies":[{"embeddable":true,"href":"https:\/\/leo-dienstleistungen.com\/de\/wp-json\/wp\/v2\/comments?post=3263"}],"version-history":[{"count":0,"href":"https:\/\/leo-dienstleistungen.com\/de\/wp-json\/wp\/v2\/pages\/3263\/revisions"}],"wp:attachment":[{"href":"https:\/\/leo-dienstleistungen.com\/de\/wp-json\/wp\/v2\/media?parent=3263"}],"curies":[{"name":"wp","href":"https:\/\/api.w.org\/{rel}","templated":true}]}}