{"id":14351,"date":"2025-01-26T13:07:48","date_gmt":"2025-01-26T11:07:48","guid":{"rendered":"https:\/\/leo-dienstleistungen.com\/de\/?page_id=14351"},"modified":"2025-01-26T15:57:57","modified_gmt":"2025-01-26T13:57:57","slug":"leistungen-2-4","status":"publish","type":"page","link":"https:\/\/leo-dienstleistungen.com\/de\/leistungen\/leistungen-2-4\/","title":{"rendered":"Facility management"},"content":{"rendered":"<section class=\"wpb-content-wrapper\">[vc_row css=&#8221;.vc_custom_1669943020164{margin-top: -100px !important;}&#8221;][vc_column][vc_row_inner][vc_column_inner][vc_empty_space height=&#8221;70px&#8221;][vc_custom_heading text=&#8221;FACILITY MANAGEMENT&#8221; font_container=&#8221;tag:h6|text_align:center|color:%2336ab9c&#8221; use_theme_fonts=&#8221;yes&#8221; css_animation=&#8221;fadeIn&#8221; el_class=&#8221;text-uppercase letter-spacing-2&#8243; css=&#8221;.vc_custom_1737895746149{margin-bottom: 10px !important;}&#8221;][vc_custom_heading text=&#8221;Ganzheitliche Betreuung f\u00fcr Geb\u00e4ude und Anlagen&#8221; font_container=&#8221;tag:h3|text_align:center&#8221; use_theme_fonts=&#8221;yes&#8221; css_animation=&#8221;fadeIn&#8221; css=&#8221;.vc_custom_1737895734129{margin-bottom: 15px !important;}&#8221;][vc_empty_space][vc_custom_heading text=&#8221;Zuverl\u00e4ssige L\u00f6sungen bis ins kleinste Detail: Unsere Facility-Management-Dienste garantieren einen reibungslosen Betrieb und die optimale Betreuung Ihrer Immobilie. Ob es um Instandhaltung, Umbauten oder Umz\u00fcge geht \u2013 professionelle Ausf\u00fchrung und h\u00f6chste Sorgfalt stehen bei uns an erster Stelle. F\u00fcr gewerbliche, industrielle oder private Objekte bieten wir individuell abgestimmte Leistungen, die Funktionalit\u00e4t und Werterhalt nachhaltig sichern.&#8221; font_container=&#8221;tag:p|font_size:18px|text_align:center|line_height:28px&#8221; use_theme_fonts=&#8221;yes&#8221; css_animation=&#8221;fadeIn&#8221; css=&#8221;.vc_custom_1737895759993{padding-right: 20px !important;padding-left: 20px !important;}&#8221;][vc_empty_space][\/vc_column_inner][\/vc_row_inner][\/vc_column][\/vc_row][vc_row full_width=&#8221;stretch_row&#8221; equal_height=&#8221;yes&#8221; css=&#8221;.vc_custom_1678147220218{background-color: #ededed !important;}&#8221;][vc_column][vc_column_text]\n<h5 style=\"text-align: center;\">Facility Management im \u00dcberblick<\/h5>\n[\/vc_column_text][vc_column_text]\n<p style=\"text-align: center;\">Trockenbau | Abbrucharbeiten | Boden- und Fliesenverlegung | Hausmeistert\u00e4tigkeiten | Pflasterarbeiten | Entr\u00fcmpelungen | Umz\u00fcge | Instandhaltung | Markierungsarbeiten<\/p>\n[\/vc_column_text][vc_images_carousel images=&#8221;14413,14414,14415,14416,14417,14418,14419,14420&#8243; img_size=&#8221;full&#8221; autoplay=&#8221;yes&#8221;][\/vc_column][vc_column][\/vc_column][\/vc_row][vc_row full_width=&#8221;stretch_row&#8221; bg_overlay=&#8221;dark50&#8243; bg_type=&#8221;image&#8221; parallax_style=&#8221;vcpb-default&#8221; bg_image_new=&#8221;id^14224|url^https:\/\/leo-dienstleistungen.com\/de\/wp-content\/uploads\/2024\/04\/silk_03.jpg|caption^null|alt^null|title^silk_03|description^null&#8221; bg_image_repeat=&#8221;no-repeat&#8221; bg_img_attach=&#8221;fixed&#8221; css=&#8221;.vc_custom_1712914242028{background-position: center !important;background-repeat: no-repeat !important;background-size: cover !important;}&#8221;][vc_column][vc_empty_space height=&#8221;70px&#8221;][vc_empty_space height=&#8221;180px&#8221;][\/vc_column][\/vc_row]\n<\/section>","protected":false},"excerpt":{"rendered":"<p>[vc_row css=&#8221;.vc_custom_1669943020164{margin-top: -100px !important;}&#8221;][vc_column][vc_row_inner][vc_column_inner][vc_empty_space height=&#8221;70px&#8221;][vc_custom_heading text=&#8221;FACILITY MANAGEMENT&#8221; font_container=&#8221;tag:h6|text_align:center|color:%2336ab9c&#8221; use_theme_fonts=&#8221;yes&#8221; css_animation=&#8221;fadeIn&#8221; el_class=&#8221;text-uppercase letter-spacing-2&#8243; css=&#8221;.vc_custom_1737895746149{margin-bottom: 10px !important;}&#8221;][vc_custom_heading text=&#8221;Ganzheitliche Betreuung f\u00fcr Geb\u00e4ude und [&hellip;]<\/p>\n","protected":false},"author":2,"featured_media":0,"parent":13780,"menu_order":0,"comment_status":"closed","ping_status":"closed","template":"","meta":{"footnotes":""},"class_list":["post-14351","page","type-page","status-publish","hentry"],"_links":{"self":[{"href":"https:\/\/leo-dienstleistungen.com\/de\/wp-json\/wp\/v2\/pages\/14351","targetHints":{"allow":["GET"]}}],"collection":[{"href":"https:\/\/leo-dienstleistungen.com\/de\/wp-json\/wp\/v2\/pages"}],"about":[{"href":"https:\/\/leo-dienstleistungen.com\/de\/wp-json\/wp\/v2\/types\/page"}],"author":[{"embeddable":true,"href":"https:\/\/leo-dienstleistungen.com\/de\/wp-json\/wp\/v2\/users\/2"}],"replies":[{"embeddable":true,"href":"https:\/\/leo-dienstleistungen.com\/de\/wp-json\/wp\/v2\/comments?post=14351"}],"version-history":[{"count":4,"href":"https:\/\/leo-dienstleistungen.com\/de\/wp-json\/wp\/v2\/pages\/14351\/revisions"}],"predecessor-version":[{"id":14421,"href":"https:\/\/leo-dienstleistungen.com\/de\/wp-json\/wp\/v2\/pages\/14351\/revisions\/14421"}],"up":[{"embeddable":true,"href":"https:\/\/leo-dienstleistungen.com\/de\/wp-json\/wp\/v2\/pages\/13780"}],"wp:attachment":[{"href":"https:\/\/leo-dienstleistungen.com\/de\/wp-json\/wp\/v2\/media?parent=14351"}],"curies":[{"name":"wp","href":"https:\/\/api.w.org\/{rel}","templated":true}]}}