{"id":14350,"date":"2025-01-26T13:07:16","date_gmt":"2025-01-26T11:07:16","guid":{"rendered":"https:\/\/leo-dienstleistungen.com\/de\/?page_id=14350"},"modified":"2025-01-30T20:28:47","modified_gmt":"2025-01-30T18:28:47","slug":"leistungen-2-3","status":"publish","type":"page","link":"https:\/\/leo-dienstleistungen.com\/de\/leistungen\/leistungen-2-3\/","title":{"rendered":"Vegetation\/Baumf\u00e4llung"},"content":{"rendered":"<section class=\"wpb-content-wrapper\">[vc_row css=&#8221;.vc_custom_1669943020164{margin-top: -100px !important;}&#8221;][vc_column][vc_row_inner][vc_column_inner][vc_empty_space height=&#8221;70px&#8221;][vc_custom_heading text=&#8221;VEGETATION\/BAUMF\u00c4LLUNG&#8221; font_container=&#8221;tag:h6|text_align:center|color:%2336ab9c&#8221; use_theme_fonts=&#8221;yes&#8221; css_animation=&#8221;fadeIn&#8221; el_class=&#8221;text-uppercase letter-spacing-2&#8243; css=&#8221;.vc_custom_1737896014259{margin-bottom: 10px !important;}&#8221;][vc_custom_heading text=&#8221;Fachgerechte Pflege und Betreuung f\u00fcr Ihre Gr\u00fcnfl\u00e4chen&#8221; font_container=&#8221;tag:h3|text_align:center&#8221; use_theme_fonts=&#8221;yes&#8221; css_animation=&#8221;fadeIn&#8221; css=&#8221;.vc_custom_1737895984487{margin-bottom: 15px !important;}&#8221;][vc_empty_space][vc_custom_heading text=&#8221;Perfekte Pflege bis ins kleinste Detail: Unsere Dienstleistungen im Bereich Vegetation und Baumf\u00e4llung garantieren professionelle und nachhaltige Ergebnisse. Ob es um Baumf\u00e4llarbeiten, Gr\u00fcnpflege oder Baumbegutachtung geht \u2013 fachgerechte Ausf\u00fchrung und h\u00f6chste Sorgfalt stehen bei uns an erster Stelle. F\u00fcr private, gewerbliche oder \u00f6ffentliche Fl\u00e4chen sorgen wir f\u00fcr eine gepflegte und gesunde Vegetation, die langfristig \u00fcberzeugt.&#8221; font_container=&#8221;tag:p|font_size:18px|text_align:center|line_height:28px&#8221; use_theme_fonts=&#8221;yes&#8221; css_animation=&#8221;fadeIn&#8221; css=&#8221;.vc_custom_1737895999631{padding-right: 20px !important;padding-left: 20px !important;}&#8221;][vc_empty_space][\/vc_column_inner][\/vc_row_inner][\/vc_column][\/vc_row][vc_row full_width=&#8221;stretch_row&#8221; equal_height=&#8221;yes&#8221; css=&#8221;.vc_custom_1678147220218{background-color: #ededed !important;}&#8221;][vc_column][vc_column_text]\n<h5 style=\"text-align: center;\"><strong>Vegetation\/Baumf\u00e4llung im \u00dcberblick<\/strong><\/h5>\n[\/vc_column_text][vc_column_text]\n<p style=\"text-align: center;\">Baumf\u00e4llarbeiten | Baumpflege | Baumbegutachtung | Gr\u00fcnpflege<\/p>\n[\/vc_column_text][vc_images_carousel images=&#8221;14433,14434,14435,14436,14437,14438,14439,14440,14441,14442,14443,14444,14445&#8243; img_size=&#8221;full&#8221; autoplay=&#8221;yes&#8221;][\/vc_column][vc_column][\/vc_column][\/vc_row][vc_row full_width=&#8221;stretch_row&#8221; bg_overlay=&#8221;dark50&#8243; bg_type=&#8221;image&#8221; parallax_style=&#8221;vcpb-default&#8221; bg_image_new=&#8221;id^14224|url^https:\/\/leo-dienstleistungen.com\/de\/wp-content\/uploads\/2024\/04\/silk_03.jpg|caption^null|alt^null|title^silk_03|description^null&#8221; bg_image_repeat=&#8221;no-repeat&#8221; bg_img_attach=&#8221;fixed&#8221; css=&#8221;.vc_custom_1712914242028{background-position: center !important;background-repeat: no-repeat !important;background-size: cover !important;}&#8221;][vc_column][vc_empty_space height=&#8221;70px&#8221;][vc_empty_space height=&#8221;180px&#8221;][\/vc_column][\/vc_row]\n<\/section>","protected":false},"excerpt":{"rendered":"<p>[vc_row css=&#8221;.vc_custom_1669943020164{margin-top: -100px !important;}&#8221;][vc_column][vc_row_inner][vc_column_inner][vc_empty_space height=&#8221;70px&#8221;][vc_custom_heading text=&#8221;VEGETATION\/BAUMF\u00c4LLUNG&#8221; font_container=&#8221;tag:h6|text_align:center|color:%2336ab9c&#8221; use_theme_fonts=&#8221;yes&#8221; css_animation=&#8221;fadeIn&#8221; el_class=&#8221;text-uppercase letter-spacing-2&#8243; css=&#8221;.vc_custom_1737896014259{margin-bottom: 10px !important;}&#8221;][vc_custom_heading text=&#8221;Fachgerechte Pflege und Betreuung f\u00fcr Ihre [&hellip;]<\/p>\n","protected":false},"author":2,"featured_media":0,"parent":13780,"menu_order":0,"comment_status":"closed","ping_status":"closed","template":"","meta":{"footnotes":""},"class_list":["post-14350","page","type-page","status-publish","hentry"],"_links":{"self":[{"href":"https:\/\/leo-dienstleistungen.com\/de\/wp-json\/wp\/v2\/pages\/14350","targetHints":{"allow":["GET"]}}],"collection":[{"href":"https:\/\/leo-dienstleistungen.com\/de\/wp-json\/wp\/v2\/pages"}],"about":[{"href":"https:\/\/leo-dienstleistungen.com\/de\/wp-json\/wp\/v2\/types\/page"}],"author":[{"embeddable":true,"href":"https:\/\/leo-dienstleistungen.com\/de\/wp-json\/wp\/v2\/users\/2"}],"replies":[{"embeddable":true,"href":"https:\/\/leo-dienstleistungen.com\/de\/wp-json\/wp\/v2\/comments?post=14350"}],"version-history":[{"count":7,"href":"https:\/\/leo-dienstleistungen.com\/de\/wp-json\/wp\/v2\/pages\/14350\/revisions"}],"predecessor-version":[{"id":14446,"href":"https:\/\/leo-dienstleistungen.com\/de\/wp-json\/wp\/v2\/pages\/14350\/revisions\/14446"}],"up":[{"embeddable":true,"href":"https:\/\/leo-dienstleistungen.com\/de\/wp-json\/wp\/v2\/pages\/13780"}],"wp:attachment":[{"href":"https:\/\/leo-dienstleistungen.com\/de\/wp-json\/wp\/v2\/media?parent=14350"}],"curies":[{"name":"wp","href":"https:\/\/api.w.org\/{rel}","templated":true}]}}