{"id":14349,"date":"2025-01-26T13:06:49","date_gmt":"2025-01-26T11:06:49","guid":{"rendered":"https:\/\/leo-dienstleistungen.com\/de\/?page_id=14349"},"modified":"2025-01-26T15:47:56","modified_gmt":"2025-01-26T13:47:56","slug":"leistungen-2-2","status":"publish","type":"page","link":"https:\/\/leo-dienstleistungen.com\/de\/leistungen\/leistungen-2-2\/","title":{"rendered":"Fahrzeugreinigung"},"content":{"rendered":"<section class=\"wpb-content-wrapper\">[vc_row css=&#8221;.vc_custom_1669943020164{margin-top: -100px !important;}&#8221;][vc_column][vc_row_inner][vc_column_inner][vc_empty_space height=&#8221;70px&#8221;][vc_custom_heading text=&#8221;FAHRZEUGREINIGUNG&#8221; font_container=&#8221;tag:h6|text_align:center|color:%2336ab9c&#8221; use_theme_fonts=&#8221;yes&#8221; css_animation=&#8221;fadeIn&#8221; el_class=&#8221;text-uppercase letter-spacing-2&#8243; css=&#8221;.vc_custom_1737891917905{margin-bottom: 10px !important;}&#8221;][vc_custom_heading text=&#8221;Umfassende Pflege f\u00fcr Fahrzeuge und empfindliche Oberfl\u00e4chen&#8221; font_container=&#8221;tag:h3|text_align:center&#8221; use_theme_fonts=&#8221;yes&#8221; css_animation=&#8221;fadeIn&#8221; css=&#8221;.vc_custom_1737891903322{margin-bottom: 15px !important;}&#8221;][vc_empty_space][vc_custom_heading text=&#8221;Perfekte Sauberkeit bis ins kleinste Detail: Unsere Fahrzeugreinigungsdienste garantieren strahlende Ergebnisse und eine schonende Pflege. Mit h\u00f6chster Professionalit\u00e4t und Zuverl\u00e4ssigkeit k\u00fcmmern wir uns um die Reinigung und den Werterhalt Ihrer Fahrzeuge. Ob privat oder gewerblich \u2013 wir schaffen makellose Ergebnisse, die \u00fcberzeugen und langfristig sch\u00fctzen.&#8221; font_container=&#8221;tag:p|font_size:18px|text_align:center|line_height:28px&#8221; use_theme_fonts=&#8221;yes&#8221; css_animation=&#8221;fadeIn&#8221; css=&#8221;.vc_custom_1737891897119{padding-right: 20px !important;padding-left: 20px !important;}&#8221;][vc_empty_space][\/vc_column_inner][\/vc_row_inner][\/vc_column][\/vc_row][vc_row full_width=&#8221;stretch_row&#8221; equal_height=&#8221;yes&#8221; content_placement=&#8221;middle&#8221; css=&#8221;.vc_custom_1737890355289{background-color: #ededed !important;}&#8221;][vc_column][vc_column_text]\n<h5 style=\"text-align: center;\">Fahrzeugreinigung im \u00dcberblick<\/h5>\n[\/vc_column_text][vc_column_text]\n<p style=\"text-align: center;\">Graffitientfernung | Teppichreinigung | Textilreinigung | Fahrzeugreinigung | Bodenversiegelung | Sonderreinigung<\/p>\n[\/vc_column_text][vc_images_carousel images=&#8221;14401,14402,14403,14404,14405,14406,14408,14409,14410&#8243; img_size=&#8221;full&#8221; onclick=&#8221;link_no&#8221; autoplay=&#8221;yes&#8221; el_id=&#8221;carousel-center&#8221;][\/vc_column][\/vc_row][vc_row full_width=&#8221;stretch_row&#8221; bg_overlay=&#8221;dark50&#8243; bg_type=&#8221;image&#8221; parallax_style=&#8221;vcpb-default&#8221; bg_image_new=&#8221;id^14224|url^https:\/\/leo-dienstleistungen.com\/de\/wp-content\/uploads\/2024\/04\/silk_03.jpg|caption^null|alt^null|title^silk_03|description^null&#8221; bg_image_repeat=&#8221;no-repeat&#8221; bg_img_attach=&#8221;fixed&#8221; css=&#8221;.vc_custom_1712914242028{background-position: center !important;background-repeat: no-repeat !important;background-size: cover !important;}&#8221;][vc_column][vc_empty_space height=&#8221;70px&#8221;][vc_empty_space height=&#8221;180px&#8221;][\/vc_column][\/vc_row]\n<\/section>","protected":false},"excerpt":{"rendered":"<p>[vc_row css=&#8221;.vc_custom_1669943020164{margin-top: -100px !important;}&#8221;][vc_column][vc_row_inner][vc_column_inner][vc_empty_space height=&#8221;70px&#8221;][vc_custom_heading text=&#8221;FAHRZEUGREINIGUNG&#8221; font_container=&#8221;tag:h6|text_align:center|color:%2336ab9c&#8221; use_theme_fonts=&#8221;yes&#8221; css_animation=&#8221;fadeIn&#8221; el_class=&#8221;text-uppercase letter-spacing-2&#8243; css=&#8221;.vc_custom_1737891917905{margin-bottom: 10px !important;}&#8221;][vc_custom_heading text=&#8221;Umfassende Pflege f\u00fcr Fahrzeuge und empfindliche [&hellip;]<\/p>\n","protected":false},"author":2,"featured_media":0,"parent":13780,"menu_order":0,"comment_status":"closed","ping_status":"closed","template":"","meta":{"footnotes":""},"class_list":["post-14349","page","type-page","status-publish","hentry"],"_links":{"self":[{"href":"https:\/\/leo-dienstleistungen.com\/de\/wp-json\/wp\/v2\/pages\/14349","targetHints":{"allow":["GET"]}}],"collection":[{"href":"https:\/\/leo-dienstleistungen.com\/de\/wp-json\/wp\/v2\/pages"}],"about":[{"href":"https:\/\/leo-dienstleistungen.com\/de\/wp-json\/wp\/v2\/types\/page"}],"author":[{"embeddable":true,"href":"https:\/\/leo-dienstleistungen.com\/de\/wp-json\/wp\/v2\/users\/2"}],"replies":[{"embeddable":true,"href":"https:\/\/leo-dienstleistungen.com\/de\/wp-json\/wp\/v2\/comments?post=14349"}],"version-history":[{"count":10,"href":"https:\/\/leo-dienstleistungen.com\/de\/wp-json\/wp\/v2\/pages\/14349\/revisions"}],"predecessor-version":[{"id":14412,"href":"https:\/\/leo-dienstleistungen.com\/de\/wp-json\/wp\/v2\/pages\/14349\/revisions\/14412"}],"up":[{"embeddable":true,"href":"https:\/\/leo-dienstleistungen.com\/de\/wp-json\/wp\/v2\/pages\/13780"}],"wp:attachment":[{"href":"https:\/\/leo-dienstleistungen.com\/de\/wp-json\/wp\/v2\/media?parent=14349"}],"curies":[{"name":"wp","href":"https:\/\/api.w.org\/{rel}","templated":true}]}}