{"id":13817,"date":"2023-02-13T15:19:46","date_gmt":"2023-02-13T13:19:46","guid":{"rendered":"https:\/\/leo-dienstleistungen.com\/de\/?page_id=13817"},"modified":"2024-10-07T11:32:47","modified_gmt":"2024-10-07T09:32:47","slug":"nachhaltigkeit","status":"publish","type":"page","link":"https:\/\/leo-dienstleistungen.com\/de\/nachhaltigkeit\/","title":{"rendered":"Nachhaltigkeit"},"content":{"rendered":"<section class=\"wpb-content-wrapper\">[vc_row][vc_column][vc_custom_heading text=&#8221;Umweltfreundliche Dienstleistungen &#8211; unsere Verantwortung f\u00fcr die Umwelt&#8221; font_container=&#8221;tag:h3|text_align:center&#8221; use_theme_fonts=&#8221;yes&#8221;][vc_empty_space][vc_column_text]Unsere Nachhaltigkeitsbem\u00fchungen bei der LEO Dienstleistungen GmbH sind ein zentraler Bestandteil unserer Unternehmensphilosophie. Wir sind uns unserer Verantwortung gegen\u00fcber der Umwelt bewusst und setzen uns aktiv f\u00fcr eine nachhaltige Zukunft ein.<\/p>\n<p>Eine unserer wichtigsten Ma\u00dfnahmen in diesem Zusammenhang ist die Verwendung von umweltfreundlichen Reinigungsmitteln. Wir m\u00f6chten sicherstellen, dass unsere Reinigungsarbeiten nicht nur ein sauberes und hygienisches Ergebnis liefern, sondern auch unsere Umwelt schonen.<\/p>\n<p>Dar\u00fcber hinaus setzen wir auf ressourcenschonende Reinigungsmethoden, um den Wasserverbrauch zu reduzieren und Energieeffizienz zu f\u00f6rdern. Unser Reinigungsteam verwenden modernste Ausr\u00fcstungen, um den Reinigungsprozess so effizient und umweltbewusst wie m\u00f6glich durchzuf\u00fchren.<\/p>\n<p>Ein weiterer wichtiger Aspekt unserer Nachhaltigkeitsbem\u00fchungen ist die Verwendung von wiederverwendbaren Reinigungst\u00fcchern und -produkten anstelle von Einwegartikeln, um Abfall zu reduzieren und Recycling zu f\u00f6rdern. Wir sorgen daf\u00fcr, dass alle Abf\u00e4lle, die w\u00e4hrend der Reinigung anfallen, ordnungsgem\u00e4\u00df entsorgt und recycelt werden, um unsere Umweltbelastung zu minimieren.<\/p>\n<p>Unsere Mitarbeiter sind sensibilisiert f\u00fcr das Thema Nachhaltigkeit und wir legen gro\u00dfen Wert darauf, umweltbewusstes Verhalten zu f\u00f6rdern.<\/p>\n<p>Wir sind stolz darauf, unseren Kunden eine nachhaltige Wahl f\u00fcr ihre Reinigungsbed\u00fcrfnisse anzubieten und gemeinsam einen positiven Beitrag zur Umwelt zu leisten.[\/vc_column_text][\/vc_column][\/vc_row][vc_row full_width=&#8221;stretch_row&#8221; bg_overlay=&#8221;dark70&#8243; bg_type=&#8221;image&#8221; parallax_style=&#8221;vcpb-default&#8221; bg_image_new=&#8221;id^4582|url^https:\/\/cemcom.de\/cem\/wp-content\/uploads\/2022\/07\/Kontakt4-scaled.jpg|caption^null|alt^null|title^Kontakt4|description^null&#8221; bg_image_repeat=&#8221;no-repeat&#8221; bg_img_attach=&#8221;fixed&#8221; css=&#8221;.vc_custom_1683277915246{background-image: url(https:\/\/leo-dienstleistungen.com\/de\/wp-content\/uploads\/2023\/05\/Kontakt3.jpg?id=14118) !important;background-position: center !important;background-repeat: no-repeat !important;background-size: cover !important;}&#8221;][vc_column css=&#8221;.vc_custom_1555566530114{padding-top: 100px !important;padding-right: 70px !important;padding-bottom: 90px !important;padding-left: 70px !important;}&#8221;][vc_row_inner][vc_column_inner width=&#8221;1\/12&#8243;][\/vc_column_inner][vc_column_inner width=&#8221;5\/6&#8243;][vc_custom_heading text=&#8221;&#8220;Verantwortungsbewusste Reinigung: Mit unseren Zertifikaten f\u00fcr eine nachhaltige Zukunft&#8220;&#8221; font_container=&#8221;tag:h3|text_align:center|color:%23ffffff|line_height:43px&#8221; use_theme_fonts=&#8221;yes&#8221; css_animation=&#8221;fadeIn&#8221; el_class=&#8221;font-weight-400&#8243;][\/vc_column_inner][vc_column_inner width=&#8221;1\/12&#8243;][\/vc_column_inner][\/vc_row_inner][\/vc_column][\/vc_row][vc_row][vc_column][vc_empty_space][\/vc_column][\/vc_row][vc_row][vc_column width=&#8221;1\/6&#8243;][vc_empty_space][vc_single_image image=&#8221;14293&#8243; img_size=&#8221;250&#215;400&#8243; onclick=&#8221;link_image&#8221;][\/vc_column][vc_column width=&#8221;1\/6&#8243;][vc_empty_space][vc_single_image image=&#8221;14294&#8243; img_size=&#8221;250&#215;400&#8243; onclick=&#8221;link_image&#8221;][\/vc_column][vc_column width=&#8221;1\/6&#8243;][vc_empty_space][vc_single_image image=&#8221;14295&#8243; img_size=&#8221;250&#215;400&#8243; onclick=&#8221;link_image&#8221;][\/vc_column][vc_column width=&#8221;3\/6&#8243;][vc_empty_space][vc_custom_heading text=&#8221;Wir sind ISO 9001\/14001\/45001 zertifiziert&#8221; font_container=&#8221;tag:h3|text_align:left&#8221; use_theme_fonts=&#8221;yes&#8221; css_animation=&#8221;fadeIn&#8221; css=&#8221;.vc_custom_1728293559569{margin-bottom: 20px !important;}&#8221;][vc_column_text css_animation=&#8221;fadeIn&#8221;]Einhaltung der Bedingungen des Qualit\u00e4tssystems mit der Philosophie der kontinuierlichen Verbesserung und in \u00dcbereinstimmung mit den Bed\u00fcrfnissen des Fertigbausektors, in dem wir t\u00e4tig sind;[\/vc_column_text][\/vc_column][\/vc_row][vc_row][vc_column][vc_empty_space][\/vc_column][\/vc_row][vc_row full_width=&#8221;stretch_row&#8221; bg_overlay=&#8221;dark30&#8243; bg_type=&#8221;image&#8221; css=&#8221;.vc_custom_1681422705965{background-image: url(https:\/\/leo-dienstleistungen.com\/de\/wp-content\/uploads\/2023\/04\/close-up-view-of-woman.jpg?id=14073) !important;background-position: center !important;background-repeat: no-repeat !important;background-size: contain !important;}&#8221;][vc_column css=&#8221;.vc_custom_1555563941039{padding-top: 120px !important;padding-bottom: 120px !important;}&#8221;][vc_row_inner][vc_column_inner width=&#8221;1\/3&#8243;][\/vc_column_inner][vc_column_inner width=&#8221;1\/3&#8243; css=&#8221;.vc_custom_1672414649629{padding-top: 50px !important;padding-right: 20px !important;padding-bottom: 20px !important;padding-left: 20px !important;background-color: #ffffff !important;}&#8221;][vc_custom_heading text=&#8221;Wir sind f\u00fcr Sie da!&#8221; font_container=&#8221;tag:h3|text_align:center&#8221; use_theme_fonts=&#8221;yes&#8221; css_animation=&#8221;fadeIn&#8221; css=&#8221;.vc_custom_1672414753061{margin-bottom: 20px !important;}&#8221;][vc_custom_heading text=&#8221;Nutzen Sie unsere langj\u00e4hrige Erfahrung.&#8221; font_container=&#8221;tag:p|font_size:16px|text_align:center|line_height:28px&#8221; use_theme_fonts=&#8221;yes&#8221; css_animation=&#8221;fadeIn&#8221; css=&#8221;.vc_custom_1672414762021{margin-bottom: 30px !important;}&#8221;]<div id='ins-button-69e4a44f67d61' class='ins-button-wrapper text-center 30px 40px  ins-animated fadeInUp' data-animation-delay=200><a class='ins-button title-font letter-spacing-1 text-white pc-border pc-bg btn-radius-default font-weight-600 btn-medium text-uppercase ' href='https:\/\/leo-dienstleistungen.com\/de\/kontakt\/'  target='_self'><span>Kontaktieren Sie uns<\/span><\/a><\/div><script type=\"text\/javascript\">\n\t\t(function(jQuery) {jQuery(\"head\").append(\"<style>#ins-button-69e4a44f67d61 .ins-button:hover {background-color: #223645;}#ins-button-69e4a44f67d61 .ins-button:hover {border-color: #223645;}#ins-button-69e4a44f67d61.ins-button-wrapper {margin-top: 30px;}#ins-button-69e4a44f67d61.ins-button-wrapper {margin-bottom: 40px;}<\/style>\")\n\t\t\t\t\t})(jQuery);\n\t\t\t\t\t\t<\/script>[\/vc_column_inner][vc_column_inner width=&#8221;1\/3&#8243;][\/vc_column_inner][\/vc_row_inner][\/vc_column][\/vc_row]\n<\/section>","protected":false},"excerpt":{"rendered":"<p>[vc_row][vc_column][vc_custom_heading text=&#8221;Umweltfreundliche Dienstleistungen &#8211; unsere Verantwortung f\u00fcr die Umwelt&#8221; font_container=&#8221;tag:h3|text_align:center&#8221; use_theme_fonts=&#8221;yes&#8221;][vc_empty_space][vc_column_text]Unsere Nachhaltigkeitsbem\u00fchungen bei der LEO Dienstleistungen GmbH sind ein zentraler [&hellip;]<\/p>\n","protected":false},"author":2,"featured_media":0,"parent":0,"menu_order":0,"comment_status":"closed","ping_status":"closed","template":"","meta":{"footnotes":""},"class_list":["post-13817","page","type-page","status-publish","hentry"],"_links":{"self":[{"href":"https:\/\/leo-dienstleistungen.com\/de\/wp-json\/wp\/v2\/pages\/13817","targetHints":{"allow":["GET"]}}],"collection":[{"href":"https:\/\/leo-dienstleistungen.com\/de\/wp-json\/wp\/v2\/pages"}],"about":[{"href":"https:\/\/leo-dienstleistungen.com\/de\/wp-json\/wp\/v2\/types\/page"}],"author":[{"embeddable":true,"href":"https:\/\/leo-dienstleistungen.com\/de\/wp-json\/wp\/v2\/users\/2"}],"replies":[{"embeddable":true,"href":"https:\/\/leo-dienstleistungen.com\/de\/wp-json\/wp\/v2\/comments?post=13817"}],"version-history":[{"count":8,"href":"https:\/\/leo-dienstleistungen.com\/de\/wp-json\/wp\/v2\/pages\/13817\/revisions"}],"predecessor-version":[{"id":14301,"href":"https:\/\/leo-dienstleistungen.com\/de\/wp-json\/wp\/v2\/pages\/13817\/revisions\/14301"}],"wp:attachment":[{"href":"https:\/\/leo-dienstleistungen.com\/de\/wp-json\/wp\/v2\/media?parent=13817"}],"curies":[{"name":"wp","href":"https:\/\/api.w.org\/{rel}","templated":true}]}}