{"id":13780,"date":"2022-12-02T02:15:03","date_gmt":"2022-12-02T00:15:03","guid":{"rendered":"https:\/\/leo-dienstleistungen.com\/de\/?page_id=13780"},"modified":"2025-01-30T20:48:04","modified_gmt":"2025-01-30T18:48:04","slug":"leistungen","status":"publish","type":"page","link":"https:\/\/leo-dienstleistungen.com\/de\/leistungen\/","title":{"rendered":"Leistungen"},"content":{"rendered":"<section class=\"wpb-content-wrapper\">[vc_row css=&#8221;.vc_custom_1669943020164{margin-top: -100px !important;}&#8221;][vc_column][vc_row_inner][vc_column_inner][vc_empty_space height=&#8221;70px&#8221;][vc_custom_heading text=&#8221;DIENSTLEISTUNGEN&#8221; font_container=&#8221;tag:h6|text_align:center|color:%2336ab9c&#8221; use_theme_fonts=&#8221;yes&#8221; css_animation=&#8221;fadeIn&#8221; el_class=&#8221;text-uppercase letter-spacing-2&#8243; css=&#8221;.vc_custom_1669939751935{margin-bottom: 10px !important;}&#8221;][vc_custom_heading text=&#8221;Wir sind seit 2006 erfolgreich im Markt des Geb\u00e4udemanagements t\u00e4tig.&#8221; font_container=&#8221;tag:h3|text_align:center&#8221; use_theme_fonts=&#8221;yes&#8221; css_animation=&#8221;fadeIn&#8221; css=&#8221;.vc_custom_1706529075425{margin-bottom: 15px !important;}&#8221;][vc_empty_space][vc_custom_heading text=&#8221;Wir \u00fcbernehmen Dienstleistungen wie Vegetationsarbeiten, Unterhaltsreinigungen, Winterdienste, Hausmeisterdienste sowie Sonderreinigungen aller Art. Wir sind ein meistergef\u00fchrter mittelst\u00e4ndischer Handwerksbetrieb, welcher die Qualit\u00e4t und die Beziehung zu seinen Kunden an oberste Stelle setzt.&#8221; font_container=&#8221;tag:p|font_size:18px|text_align:center|line_height:28px&#8221; use_theme_fonts=&#8221;yes&#8221; css_animation=&#8221;fadeIn&#8221; css=&#8221;.vc_custom_1706529226043{padding-right: 20px !important;padding-left: 20px !important;}&#8221;][vc_empty_space][\/vc_column_inner][\/vc_row_inner][\/vc_column][\/vc_row][vc_row full_width=&#8221;stretch_row&#8221; full_height=&#8221;yes&#8221; columns_placement=&#8221;bottom&#8221; equal_height=&#8221;yes&#8221; css=&#8221;.vc_custom_1737892325402{background-color: #ededed !important;}&#8221;][vc_column][vc_row_inner equal_height=&#8221;yes&#8221; gap=&#8221;5&#8243;][vc_column_inner width=&#8221;1\/4&#8243; css=&#8221;.vc_custom_1706544900647{background-color: #ffffff !important;background-position: center !important;background-repeat: no-repeat !important;background-size: cover !important;}&#8221;][vc_single_image image=&#8221;14453&#8243; img_size=&#8221;600&#215;350&#8243; css=&#8221;.vc_custom_1738262881984{margin-top: -20px !important;}&#8221;][vc_column_text]\n<h6>GEB\u00c4UDEREINIGUNG<\/h6>\n<ul>\n<li>Grundreinigung<\/li>\n<li>Fassadenreinigung<\/li>\n<li>Dachrinnenreinigung<\/li>\n<li>Glasreinigung<\/li>\n<li>B\u00fcro-\/Unterhaltsreinigung<\/li>\n<li>Industriereinigung<\/li>\n<li>Bauend- u. Feinreinigung<\/li>\n<li>Winterdienst<\/li>\n<\/ul>\n[\/vc_column_text][vc_empty_space height=&#8221;30&#8243;]<div class=\" ubtn-ctn-center \"><a class=\"ubtn-link ult-adjust-bottom-margin ubtn-center ubtn-normal \" href=\"https:\/\/leo-dienstleistungen.com\/de\/leistungen\/leistungen-2\/\" title=\"Geb\u00e4udereinigung\" ><button type=\"button\" id=\"ubtn-2357\"  class=\"ubtn ult-adjust-bottom-margin ult-responsive ubtn-normal ubtn-no-hover-bg  none  ubtn-center   tooltip-69e4a00d0e090\"  data-hover=\"\" data-border-color=\"\" data-bg=\"#ededed\" data-hover-bg=\"#1e73be\" data-border-hover=\"\" data-shadow-hover=\"\" data-shadow-click=\"none\" data-shadow=\"\" data-shd-shadow=\"\"  data-ultimate-target='#ubtn-2357'  data-responsive-json-new='{\"font-size\":\"\",\"line-height\":\"\"}'  style=\"font-weight:normal;border:none;background: #ededed;color: #000000;\"><span class=\"ubtn-hover\" style=\"background-color:#1e73be\"><\/span><span class=\"ubtn-data ubtn-text \" >Weiterlesen<\/span><\/button><\/a><\/div>[\/vc_column_inner][vc_column_inner width=&#8221;1\/4&#8243; css=&#8221;.vc_custom_1706544934694{background-color: #ffffff !important;}&#8221;][vc_single_image image=&#8221;14447&#8243; img_size=&#8221;600&#215;350&#8243; css=&#8221;.vc_custom_1738262087213{margin-top: -20px !important;}&#8221;][vc_column_text]\n<h6>VEGETATION\/BAUMF\u00c4LLUNG<\/h6>\n<ul>\n<li>Baumf\u00e4llarbeiten aller Art auch mittels Seilklettertechnik<\/li>\n<li>Baumpflege<\/li>\n<li>Baumbegutachtung<\/li>\n<li>Gr\u00fcnpflege<\/li>\n<\/ul>\n[\/vc_column_text][vc_empty_space height=&#8221;118&#8243;]<div class=\" ubtn-ctn-center \"><a class=\"ubtn-link ult-adjust-bottom-margin ubtn-center ubtn-normal \" href=\"https:\/\/leo-dienstleistungen.com\/de\/leistungen\/leistungen-2-3\/\" title=\"Geb\u00e4udereinigung\" ><button type=\"button\" id=\"ubtn-1349\"  class=\"ubtn ult-adjust-bottom-margin ult-responsive ubtn-normal ubtn-no-hover-bg  none  ubtn-center   tooltip-69e4a00d0e179\"  data-hover=\"\" data-border-color=\"\" data-bg=\"#ededed\" data-hover-bg=\"#1e73be\" data-border-hover=\"\" data-shadow-hover=\"\" data-shadow-click=\"none\" data-shadow=\"\" data-shd-shadow=\"\"  data-ultimate-target='#ubtn-1349'  data-responsive-json-new='{\"font-size\":\"\",\"line-height\":\"\"}'  style=\"font-weight:normal;border:none;background: #ededed;color: #000000;\"><span class=\"ubtn-hover\" style=\"background-color:#1e73be\"><\/span><span class=\"ubtn-data ubtn-text \" >Weiterlesen<\/span><\/button><\/a><\/div>[\/vc_column_inner][vc_column_inner width=&#8221;1\/4&#8243; css=&#8221;.vc_custom_1706544945128{background-color: #ffffff !important;}&#8221;][vc_single_image image=&#8221;14450&#8243; img_size=&#8221;600&#215;350&#8243; css=&#8221;.vc_custom_1738262500865{margin-top: -20px !important;}&#8221;][vc_column_text]\n<h6>FACILITY MANAGEMENT<\/h6>\n<ul>\n<li>Trockenbau<\/li>\n<li>Abbrucharbeiten<\/li>\n<li>Boden- und Fliesenverlegung<\/li>\n<li>Hausmeistert\u00e4tigkeiten<\/li>\n<li>Pflasterarbeiten<\/li>\n<li>Entr\u00fcmpelungen<\/li>\n<li>Umz\u00fcge<\/li>\n<li>Instandhaltung<\/li>\n<li>Markierungsarbeiten<\/li>\n<\/ul>\n[\/vc_column_text][vc_empty_space height=&#8221;0&#8243;]<div class=\" ubtn-ctn-center \"><a class=\"ubtn-link ult-adjust-bottom-margin ubtn-center ubtn-normal \" href=\"https:\/\/leo-dienstleistungen.com\/de\/leistungen\/leistungen-2-4\/\" title=\"Geb\u00e4udereinigung\" ><button type=\"button\" id=\"ubtn-1589\"  class=\"ubtn ult-adjust-bottom-margin ult-responsive ubtn-normal ubtn-no-hover-bg  none  ubtn-center   tooltip-69e4a00d0e1d8\"  data-hover=\"\" data-border-color=\"\" data-bg=\"#ededed\" data-hover-bg=\"#1e73be\" data-border-hover=\"\" data-shadow-hover=\"\" data-shadow-click=\"none\" data-shadow=\"\" data-shd-shadow=\"\"  data-ultimate-target='#ubtn-1589'  data-responsive-json-new='{\"font-size\":\"\",\"line-height\":\"\"}'  style=\"font-weight:normal;border:none;background: #ededed;color: #000000;\"><span class=\"ubtn-hover\" style=\"background-color:#1e73be\"><\/span><span class=\"ubtn-data ubtn-text \" >Weiterlesen<\/span><\/button><\/a><\/div>[\/vc_column_inner][vc_column_inner width=&#8221;1\/4&#8243; css=&#8221;.vc_custom_1706544956239{background-color: #ffffff !important;}&#8221;][vc_single_image image=&#8221;14422&#8243; img_size=&#8221;600&#215;350&#8243; css=&#8221;.vc_custom_1737900555339{margin-top: -20px !important;}&#8221;][vc_column_text]\n<h6>FAHRZEUGREINIGUNG<\/h6>\n<ul>\n<li>Graffitientfernung<\/li>\n<li>Teppichreinigung<\/li>\n<li>Textilreinigung<\/li>\n<li>Fahrzeugreinigung<\/li>\n<li>Bodenversiegelung<\/li>\n<li>Sonderreinigung<\/li>\n<\/ul>\n[\/vc_column_text][vc_empty_space height=&#8221;90&#8243;]<div class=\" ubtn-ctn-center \"><a class=\"ubtn-link ult-adjust-bottom-margin ubtn-center ubtn-normal \" href=\"https:\/\/leo-dienstleistungen.com\/de\/leistungen\/leistungen-2-2\/\" title=\"Geb\u00e4udereinigung\" ><button type=\"button\" id=\"ubtn-4296\"  class=\"ubtn ult-adjust-bottom-margin ult-responsive ubtn-normal ubtn-no-hover-bg  none  ubtn-center   tooltip-69e4a00d0e226\"  data-hover=\"\" data-border-color=\"\" data-bg=\"#ededed\" data-hover-bg=\"#1e73be\" data-border-hover=\"\" data-shadow-hover=\"\" data-shadow-click=\"none\" data-shadow=\"\" data-shd-shadow=\"\"  data-ultimate-target='#ubtn-4296'  data-responsive-json-new='{\"font-size\":\"\",\"line-height\":\"\"}'  style=\"font-weight:normal;border:none;background: #ededed;color: #000000;\"><span class=\"ubtn-hover\" style=\"background-color:#1e73be\"><\/span><span class=\"ubtn-data ubtn-text \" >Weiterlesen<\/span><\/button><\/a><\/div>[\/vc_column_inner][\/vc_row_inner][vc_row_inner gap=&#8221;5&#8243; disable_element=&#8221;yes&#8221;][vc_column_inner width=&#8221;1\/4&#8243; css=&#8221;.vc_custom_1706544856866{margin-top: -50px !important;border-bottom-width: 3px !important;background-color: #ffffff !important;border-bottom-color: #36ab9c !important;border-bottom-style: solid !important;}&#8221;]<div id='ins-button-69e4a00d0e2a9' class='ins-button-wrapper text-center    ins-animated fadeIn' ><a class='ins-button title-font letter-spacing-1 text-white pc-border pc-bg   btn-small  ' href='https:\/\/leo-dienstleistungen.com\/de\/reinigung\/'  target='_self'><span>zum Portfolio<\/span><i class='ins-button-icon fas fa-photo-video'><\/i><\/a><\/div><script type=\"text\/javascript\">\n\t\t(function(jQuery) {\n\t\t\t\t\t})(jQuery);\n\t\t\t\t\t\t<\/script>[\/vc_column_inner][vc_column_inner width=&#8221;1\/4&#8243; css=&#8221;.vc_custom_1706545219234{margin-top: -50px !important;border-bottom-width: 3px !important;background-color: #ffffff !important;border-bottom-color: #36ab9c !important;border-bottom-style: solid !important;}&#8221;]<div id='ins-button-69e4a00d0e2d4' class='ins-button-wrapper text-center    ins-animated fadeIn' ><a class='ins-button title-font letter-spacing-1 text-white pc-border pc-bg   btn-small  ' href='https:\/\/leo-dienstleistungen.com\/de\/fahrzeugreinigung\/'  target='_self'><span>zum Portfolio<\/span><i class='ins-button-icon fas fa-photo-video'><\/i><\/a><\/div><script type=\"text\/javascript\">\n\t\t(function(jQuery) {\n\t\t\t\t\t})(jQuery);\n\t\t\t\t\t\t<\/script>[\/vc_column_inner][vc_column_inner width=&#8221;1\/4&#8243; css=&#8221;.vc_custom_1706545230715{margin-top: -50px !important;border-bottom-width: 3px !important;background-color: #ffffff !important;border-bottom-color: #36ab9c !important;border-bottom-style: solid !important;}&#8221;]<div id='ins-button-69e4a00d0e2f6' class='ins-button-wrapper text-center    ins-animated fadeIn' ><a class='ins-button title-font letter-spacing-1 text-white pc-border pc-bg   btn-small  ' href='https:\/\/leo-dienstleistungen.com\/de\/reinigung\/'  target='_self'><span>zum Portfolio<\/span><i class='ins-button-icon fas fa-photo-video'><\/i><\/a><\/div><script type=\"text\/javascript\">\n\t\t(function(jQuery) {\n\t\t\t\t\t})(jQuery);\n\t\t\t\t\t\t<\/script>[\/vc_column_inner][vc_column_inner width=&#8221;1\/4&#8243; css=&#8221;.vc_custom_1706545241719{margin-top: -50px !important;border-bottom-width: 3px !important;background-color: #ffffff !important;border-bottom-color: #36ab9c !important;border-bottom-style: solid !important;}&#8221;]<div id='ins-button-69e4a00d0e315' class='ins-button-wrapper text-center    ins-animated fadeIn' ><a class='ins-button title-font letter-spacing-1 text-white pc-border pc-bg   btn-small  ' href='https:\/\/leo-dienstleistungen.com\/de\/reinigung\/'  target='_self'><span>zum Portfolio<\/span><i class='ins-button-icon fas fa-photo-video'><\/i><\/a><\/div><script type=\"text\/javascript\">\n\t\t(function(jQuery) {\n\t\t\t\t\t})(jQuery);\n\t\t\t\t\t\t<\/script>[\/vc_column_inner][vc_column_inner][\/vc_column_inner][vc_column_inner][\/vc_column_inner][vc_column_inner][\/vc_column_inner][\/vc_row_inner][vc_row_inner][vc_column_inner][vc_empty_space][\/vc_column_inner][\/vc_row_inner][\/vc_column][vc_column][\/vc_column][\/vc_row][vc_row full_width=&#8221;stretch_row&#8221; bg_overlay=&#8221;dark50&#8243; bg_type=&#8221;image&#8221; parallax_style=&#8221;vcpb-default&#8221; bg_image_new=&#8221;id^14224|url^https:\/\/leo-dienstleistungen.com\/de\/wp-content\/uploads\/2024\/04\/silk_03.jpg|caption^null|alt^null|title^silk_03|description^null&#8221; bg_image_repeat=&#8221;no-repeat&#8221; bg_img_attach=&#8221;fixed&#8221; css=&#8221;.vc_custom_1712914242028{background-position: center !important;background-repeat: no-repeat !important;background-size: cover !important;}&#8221;][vc_column][vc_empty_space height=&#8221;70px&#8221;][vc_row_inner][vc_column_inner width=&#8221;1\/6&#8243;][\/vc_column_inner][vc_column_inner width=&#8221;2\/3&#8243;][vc_custom_heading text=&#8221;Vertrauen Sie auf unsere Leidenschaft f\u00fcr Sauberkeit und genie\u00dfen Sie den Komfort einer gr\u00fcndlichen Reinigung.&#8221; font_container=&#8221;tag:h5|font_size:20px|text_align:center|color:rgba(255%2C255%2C255%2C0.74)|line_height:32px&#8221; use_theme_fonts=&#8221;yes&#8221; css=&#8221;.vc_custom_1712914301646{margin-bottom: 20px !important;}&#8221; el_class=&#8221;font-weight-500&#8243;][\/vc_column_inner][vc_column_inner width=&#8221;1\/6&#8243;][\/vc_column_inner][\/vc_row_inner][vc_empty_space height=&#8221;180px&#8221;][\/vc_column][\/vc_row][vc_row gap=&#8221;30&#8243; equal_height=&#8221;yes&#8221; css=&#8221;.vc_custom_1660643911759{margin-top: -130px !important;}&#8221;][vc_column width=&#8221;1\/3&#8243; enable_shadow=&#8221;true&#8221; css=&#8221;.vc_custom_1557305391168{border-bottom-width: 3px !important;padding-top: 60px !important;padding-right: 50px !important;padding-bottom: 40px !important;padding-left: 50px !important;background-color: #ffffff !important;border-bottom-color: #36ab9c !important;border-bottom-style: solid !important;}&#8221;]<div id='ins-icon-69e4a00d0e352' class='ins-icon-wrapper last-paragraph-no-margin margin-20px-bottom   text-center   ins-animated zoomIn' data-animation-delay=200><div class='ins-icon-box-icon margin-20px-bottom ins-top-icon-basic icon-large'><i class='iconsmind-Conservation'><\/i><\/div><div class='ins-icon-box-content'><div class='ins-icon-box-title title-font margin-15px-bottom sm-margin-5px-bottom text-large font-weight-700 no-letter-spacing'>Gr\u00fcner Fu\u00dfabdruck!<\/div><p class='ins-icon-box-text  default'>Ein gr\u00fcner Fu\u00dfabdruck steht f\u00fcr Nachhaltigkeit und Umweltbewusstsein. Als Unternehmen m\u00f6chten wir unseren Teil dazu beitragen und setzen auf umweltfreundliche Reinigungsmittel und -methoden, um einen m\u00f6glichst kleinen \u00f6kologischen Fu\u00dfabdruck zu hinterlassen.<\/p><\/div><\/div><script type=\"text\/javascript\">\n\t\t(function(jQuery) {jQuery(\"head\").append(\"<style>#ins-icon-69e4a00d0e352 .ins-icon-box-icon i, #ins-icon-69e4a00d0e352 .ins-float-icon-inner i, #ins-icon-69e4a00d0e352 .ins-float-right-icon-inner i {color: #1e73be;}#ins-icon-69e4a00d0e352 .ins-icon-box-title, #ins-icon-69e4a00d0e352 .ins-float-icon-box-title {color: #223645;}<\/style>\")\n\t\t\t\t\t})(jQuery);\n\t\t\t\t\t\t<\/script>[\/vc_column][vc_column width=&#8221;1\/3&#8243; css=&#8221;.vc_custom_1557305407321{border-bottom-width: 3px !important;padding-top: 60px !important;padding-right: 50px !important;padding-bottom: 40px !important;padding-left: 50px !important;background-color: #ffffff !important;border-bottom-color: #36ab9c !important;border-bottom-style: solid !important;}&#8221;]<div id='ins-icon-69e4a00d0e3b7' class='ins-icon-wrapper last-paragraph-no-margin margin-20px-bottom   text-center   ins-animated zoomIn' data-animation-delay=600><div class='ins-icon-box-icon margin-20px-bottom ins-top-icon-basic icon-large'><i class='iconsmind-Add-UserStar'><\/i><\/div><div class='ins-icon-box-content'><div class='ins-icon-box-title title-font margin-15px-bottom sm-margin-5px-bottom text-large font-weight-700 no-letter-spacing'>Warum wir?<\/div><p class='ins-icon-box-text  default'>Unsere Expertise und unser Engagement f\u00fcr h\u00f6chste Qualit\u00e4t machen uns zur besten Wahl f\u00fcr Ihre Anforderungen in Sachen Geb\u00e4udereinigung.<\/p><\/div><\/div><script type=\"text\/javascript\">\n\t\t(function(jQuery) {jQuery(\"head\").append(\"<style>#ins-icon-69e4a00d0e3b7 .ins-icon-box-icon i, #ins-icon-69e4a00d0e3b7 .ins-float-icon-inner i, #ins-icon-69e4a00d0e3b7 .ins-float-right-icon-inner i {color: #1e73be;}#ins-icon-69e4a00d0e3b7 .ins-icon-box-title, #ins-icon-69e4a00d0e3b7 .ins-float-icon-box-title {color: #223645;}<\/style>\")\n\t\t\t\t\t})(jQuery);\n\t\t\t\t\t\t<\/script>[\/vc_column][vc_column width=&#8221;1\/3&#8243; enable_shadow=&#8221;true&#8221; css=&#8221;.vc_custom_1557305399553{border-bottom-width: 3px !important;padding-top: 60px !important;padding-right: 50px !important;padding-bottom: 40px !important;padding-left: 50px !important;background-color: #ffffff !important;border-bottom-color: #36ab9c !important;border-bottom-style: solid !important;}&#8221;]<div id='ins-icon-69e4a00d0e3e0' class='ins-icon-wrapper last-paragraph-no-margin margin-20px-bottom   text-center   ins-animated zoomIn' data-animation-delay=400><div class='ins-icon-box-icon margin-20px-bottom ins-top-icon-basic icon-large'><i class='iconsmind-Support'><\/i><\/div><div class='ins-icon-box-content'><div class='ins-icon-box-title title-font margin-15px-bottom sm-margin-5px-bottom text-large font-weight-700 no-letter-spacing'>Wir helfen gerne!<\/div><p class='ins-icon-box-text  default'>Schreiben Sie uns eine Nachricht f\u00fcr eine kostenlose und unverbindliche Anfrage.<\/p><\/div><\/div><script type=\"text\/javascript\">\n\t\t(function(jQuery) {jQuery(\"head\").append(\"<style>#ins-icon-69e4a00d0e3e0 .ins-icon-box-icon i, #ins-icon-69e4a00d0e3e0 .ins-float-icon-inner i, #ins-icon-69e4a00d0e3e0 .ins-float-right-icon-inner i {color: #1e73be;}#ins-icon-69e4a00d0e3e0 .ins-icon-box-title, #ins-icon-69e4a00d0e3e0 .ins-float-icon-box-title {color: #223645;}<\/style>\")\n\t\t\t\t\t})(jQuery);\n\t\t\t\t\t\t<\/script>[\/vc_column][\/vc_row][vc_row][vc_column width=&#8221;1\/6&#8243;][\/vc_column][vc_column width=&#8221;2\/3&#8243;][vc_empty_space height=&#8221;10px&#8221;][\/vc_column][vc_column width=&#8221;1\/6&#8243;][\/vc_column][\/vc_row]\n<\/section>","protected":false},"excerpt":{"rendered":"<p>[vc_row css=&#8221;.vc_custom_1669943020164{margin-top: -100px !important;}&#8221;][vc_column][vc_row_inner][vc_column_inner][vc_empty_space height=&#8221;70px&#8221;][vc_custom_heading text=&#8221;DIENSTLEISTUNGEN&#8221; font_container=&#8221;tag:h6|text_align:center|color:%2336ab9c&#8221; use_theme_fonts=&#8221;yes&#8221; css_animation=&#8221;fadeIn&#8221; el_class=&#8221;text-uppercase letter-spacing-2&#8243; css=&#8221;.vc_custom_1669939751935{margin-bottom: 10px !important;}&#8221;][vc_custom_heading text=&#8221;Wir sind seit 2006 erfolgreich im [&hellip;]<\/p>\n","protected":false},"author":2,"featured_media":0,"parent":0,"menu_order":0,"comment_status":"closed","ping_status":"closed","template":"","meta":{"footnotes":""},"class_list":["post-13780","page","type-page","status-publish","hentry"],"_links":{"self":[{"href":"https:\/\/leo-dienstleistungen.com\/de\/wp-json\/wp\/v2\/pages\/13780","targetHints":{"allow":["GET"]}}],"collection":[{"href":"https:\/\/leo-dienstleistungen.com\/de\/wp-json\/wp\/v2\/pages"}],"about":[{"href":"https:\/\/leo-dienstleistungen.com\/de\/wp-json\/wp\/v2\/types\/page"}],"author":[{"embeddable":true,"href":"https:\/\/leo-dienstleistungen.com\/de\/wp-json\/wp\/v2\/users\/2"}],"replies":[{"embeddable":true,"href":"https:\/\/leo-dienstleistungen.com\/de\/wp-json\/wp\/v2\/comments?post=13780"}],"version-history":[{"count":24,"href":"https:\/\/leo-dienstleistungen.com\/de\/wp-json\/wp\/v2\/pages\/13780\/revisions"}],"predecessor-version":[{"id":14455,"href":"https:\/\/leo-dienstleistungen.com\/de\/wp-json\/wp\/v2\/pages\/13780\/revisions\/14455"}],"wp:attachment":[{"href":"https:\/\/leo-dienstleistungen.com\/de\/wp-json\/wp\/v2\/media?parent=13780"}],"curies":[{"name":"wp","href":"https:\/\/api.w.org\/{rel}","templated":true}]}}